{"id":31874,"date":"2025-08-07T15:26:48","date_gmt":"2025-08-07T12:26:48","guid":{"rendered":"https:\/\/rusmanicure.online\/refund-policy\/"},"modified":"2025-08-24T15:09:48","modified_gmt":"2025-08-24T12:09:48","slug":"refund-policy","status":"publish","type":"page","link":"https:\/\/rusmanicure.online\/es\/refund-policy\/","title":{"rendered":"Pol\u00edtica de Reembolsos"},"content":{"rendered":"<p data-start=\"113\" data-end=\"391\">El pago por la capacitaci\u00f3n otorga acceso a contenidos educativos y servicios prestados de manera digital a trav\u00e9s de Internet. Una vez concedido el acceso a los materiales del curso y estando disponibles para su uso, los reembolsos no son posibles por las siguientes razones:<\/p>\n<ul data-start=\"393\" data-end=\"765\">\n<li data-start=\"393\" data-end=\"571\">\n<p data-start=\"395\" data-end=\"571\">El contenido educativo es un producto digital que no puede ser devuelto despu\u00e9s de otorgado el acceso, ya que su utilizaci\u00f3n (visualizaci\u00f3n, descarga, copia) es irreversible.<\/p>\n<\/li>\n<li data-start=\"572\" data-end=\"765\">\n<p data-start=\"574\" data-end=\"765\">La capacitaci\u00f3n es un servicio que inicia con la entrega del acceso, y reembolsar el pago despu\u00e9s del inicio del servicio contradice los principios de la prestaci\u00f3n de servicios educativos.<\/p>\n<\/li>\n<\/ul>\n<p data-start=\"767\" data-end=\"879\">Se aplicar\u00e1n excepciones \u00fanicamente en los casos previstos por las leyes de protecci\u00f3n al consumidor vigentes.<\/p>\n<p data-start=\"881\" data-end=\"1048\">Al realizar el pago, el Usuario confirma su aceptaci\u00f3n de estas condiciones y entiende que no habr\u00e1 reembolso una vez activado el acceso a los materiales educativos.<\/p>\n","protected":false},"excerpt":{"rendered":"<p>El pago por la capacitaci\u00f3n otorga acceso a contenidos educativos y servicios prestados de manera digital a trav\u00e9s de Internet. Una vez concedido el acceso a los materiales del curso y estando disponibles para su uso, los reembolsos no son &hellip; <\/p>\n","protected":false},"author":1,"featured_media":0,"parent":0,"menu_order":0,"comment_status":"closed","ping_status":"closed","template":"","meta":{"_seopress_robots_primary_cat":"","_seopress_titles_title":"","_seopress_titles_desc":"","_seopress_robots_index":"","footnotes":""},"class_list":["post-31874","page","type-page","status-publish","hentry"],"_links":{"self":[{"href":"https:\/\/rusmanicure.online\/es\/wp-json\/wp\/v2\/pages\/31874","targetHints":{"allow":["GET"]}}],"collection":[{"href":"https:\/\/rusmanicure.online\/es\/wp-json\/wp\/v2\/pages"}],"about":[{"href":"https:\/\/rusmanicure.online\/es\/wp-json\/wp\/v2\/types\/page"}],"author":[{"embeddable":true,"href":"https:\/\/rusmanicure.online\/es\/wp-json\/wp\/v2\/users\/1"}],"replies":[{"embeddable":true,"href":"https:\/\/rusmanicure.online\/es\/wp-json\/wp\/v2\/comments?post=31874"}],"version-history":[{"count":0,"href":"https:\/\/rusmanicure.online\/es\/wp-json\/wp\/v2\/pages\/31874\/revisions"}],"wp:attachment":[{"href":"https:\/\/rusmanicure.online\/es\/wp-json\/wp\/v2\/media?parent=31874"}],"curies":[{"name":"wp","href":"https:\/\/api.w.org\/{rel}","templated":true}]}}