{"id":31786,"date":"2015-10-22T03:26:46","date_gmt":"2015-10-22T00:26:46","guid":{"rendered":"https:\/\/rusmanicure.online\/faqs\/"},"modified":"2025-08-24T14:34:45","modified_gmt":"2025-08-24T11:34:45","slug":"preguntas-frecuentes","status":"publish","type":"page","link":"https:\/\/rusmanicure.online\/es\/preguntas-frecuentes\/","title":{"rendered":"Preguntas frecuentes"},"content":{"rendered":"\t\t<div data-elementor-type=\"wp-post\" data-elementor-id=\"31786\" class=\"elementor elementor-31786 elementor-91\" data-elementor-post-type=\"page\">\n\t\t\t\t\t\t<section class=\"elementor-section elementor-top-section elementor-element elementor-element-80adcd5 elementor-section-stretched elementor-section-boxed elementor-section-height-default elementor-section-height-default\" data-id=\"80adcd5\" data-element_type=\"section\" data-e-type=\"section\" data-settings=\"{&quot;stretch_section&quot;:&quot;section-stretched&quot;}\">\n\t\t\t\t\t\t<div class=\"elementor-container elementor-column-gap-custom\">\n\t\t\t\t\t<div class=\"elementor-column elementor-col-50 elementor-top-column elementor-element elementor-element-38830fa\" data-id=\"38830fa\" data-element_type=\"column\" data-e-type=\"column\">\n\t\t\t<div class=\"elementor-widget-wrap elementor-element-populated\">\n\t\t\t\t\t\t<div class=\"elementor-element elementor-element-04a496f elementor-widget elementor-widget-thim-accordion\" data-id=\"04a496f\" data-element_type=\"widget\" data-e-type=\"widget\" data-widget_type=\"thim-accordion.default\">\n\t\t\t\t<div class=\"elementor-widget-container\">\n\t\t\t\t\t<div class=\"thim-widget-accordion\"><h3 class=\"widget-title\">Preguntas sobre la formaci\u00f3n<\/h3><div id=\"accordion_04a496f\" class=\"panel-group\" role=\"tablist\" aria-multiselectable=\"true\">\n\t\t\t<div class=\"panel panel-default\">\n\t\t\t\t<div class=\"panel-heading\" role=\"tab\"\n\t\t\t\t\tid=\"heading_accordion_04a496f_0\">\n\t\t\t\t\t<h4 class=\"panel-title\">\n\t\t\t\t\t\t<a role=\"button\" class=\"collapsed\" data-toggle=\"collapse\"\n\t\t\t\t\t\t\tdata-parent=\"#accordion_04a496f\"\n\t\t\t\t\t\t\thref=\"#collapse_accordion_04a496f_0\" aria-expanded=\"false\"\n\t\t\t\t\t\t\taria-controls=\"collapse_accordion_04a496f_0\">\n\t\t\t\t\t\t\t\u00bfC\u00f3mo se lleva a cabo la formaci\u00f3n a distancia y c\u00f3mo se organizan las clases?\t\t\t\t\t\t<\/a>\n\t\t\t\t\t<\/h4>\n\t\t\t\t<\/div>\n\t\t\t\t<div id=\"collapse_accordion_04a496f_0\"\n\t\t\t\t\tclass=\"panel-collapse collapse\"\n\t\t\t\t\trole=\"tabpanel\" aria-labelledby=\"heading_accordion_04a496f_0\">\n\t\t\t\t\t<div class=\"panel-body\">\n\t\t\t\t\t\t<p>Las clases se realizan de forma remota a trav\u00e9s de nuestra plataforma educativa, lo que te permite estudiar en el horario y ritmo que te resulten m\u00e1s c\u00f3modos.<\/p>\n\t\t\t\t\t<\/div>\n\t\t\t\t<\/div>\n\t\t\t<\/div>\n\n\t\t\t\n\t\t\t<div class=\"panel panel-default\">\n\t\t\t\t<div class=\"panel-heading\" role=\"tab\"\n\t\t\t\t\tid=\"heading_accordion_04a496f_1\">\n\t\t\t\t\t<h4 class=\"panel-title\">\n\t\t\t\t\t\t<a role=\"button\" class=\"collapsed\" data-toggle=\"collapse\"\n\t\t\t\t\t\t\tdata-parent=\"#accordion_04a496f\"\n\t\t\t\t\t\t\thref=\"#collapse_accordion_04a496f_1\" aria-expanded=\"false\"\n\t\t\t\t\t\t\taria-controls=\"collapse_accordion_04a496f_1\">\n\t\t\t\t\t\t\t\u00bfQu\u00e9 documentos recibir\u00e9 al finalizar el curso?\t\t\t\t\t\t<\/a>\n\t\t\t\t\t<\/h4>\n\t\t\t\t<\/div>\n\t\t\t\t<div id=\"collapse_accordion_04a496f_1\"\n\t\t\t\t\tclass=\"panel-collapse collapse\"\n\t\t\t\t\trole=\"tabpanel\" aria-labelledby=\"heading_accordion_04a496f_1\">\n\t\t\t\t\t<div class=\"panel-body\">\n\t\t\t\t\t\t<p>Al finalizar el curso, recibir\u00e1s un certificado electr\u00f3nico personalizado que acredita tus logros. Se genera autom\u00e1ticamente y puedes descargarlo desde tu cuenta personal.<\/p>\n\t\t\t\t\t<\/div>\n\t\t\t\t<\/div>\n\t\t\t<\/div>\n\n\t\t\t\n\t\t\t<div class=\"panel panel-default\">\n\t\t\t\t<div class=\"panel-heading\" role=\"tab\"\n\t\t\t\t\tid=\"heading_accordion_04a496f_2\">\n\t\t\t\t\t<h4 class=\"panel-title\">\n\t\t\t\t\t\t<a role=\"button\" class=\"collapsed\" data-toggle=\"collapse\"\n\t\t\t\t\t\t\tdata-parent=\"#accordion_04a496f\"\n\t\t\t\t\t\t\thref=\"#collapse_accordion_04a496f_2\" aria-expanded=\"false\"\n\t\t\t\t\t\t\taria-controls=\"collapse_accordion_04a496f_2\">\n\t\t\t\t\t\t\t\u00bfPuedo estudiar usando un tel\u00e9fono o una tableta?\t\t\t\t\t\t<\/a>\n\t\t\t\t\t<\/h4>\n\t\t\t\t<\/div>\n\t\t\t\t<div id=\"collapse_accordion_04a496f_2\"\n\t\t\t\t\tclass=\"panel-collapse collapse\"\n\t\t\t\t\trole=\"tabpanel\" aria-labelledby=\"heading_accordion_04a496f_2\">\n\t\t\t\t\t<div class=\"panel-body\">\n\t\t\t\t\t\t<p>S\u00ed, nuestra plataforma est\u00e1 completamente optimizada para tel\u00e9fonos inteligentes, tabletas y computadoras.<\/p>\n\t\t\t\t\t<\/div>\n\t\t\t\t<\/div>\n\t\t\t<\/div>\n\n\t\t\t\n\t\t\t<div class=\"panel panel-default\">\n\t\t\t\t<div class=\"panel-heading\" role=\"tab\"\n\t\t\t\t\tid=\"heading_accordion_04a496f_3\">\n\t\t\t\t\t<h4 class=\"panel-title\">\n\t\t\t\t\t\t<a role=\"button\" class=\"collapsed\" data-toggle=\"collapse\"\n\t\t\t\t\t\t\tdata-parent=\"#accordion_04a496f\"\n\t\t\t\t\t\t\thref=\"#collapse_accordion_04a496f_3\" aria-expanded=\"false\"\n\t\t\t\t\t\t\taria-controls=\"collapse_accordion_04a496f_3\">\n\t\t\t\t\t\t\t\u00bfC\u00f3mo puedo obtener acceso a los materiales de estudio?\t\t\t\t\t\t<\/a>\n\t\t\t\t\t<\/h4>\n\t\t\t\t<\/div>\n\t\t\t\t<div id=\"collapse_accordion_04a496f_3\"\n\t\t\t\t\tclass=\"panel-collapse collapse\"\n\t\t\t\t\trole=\"tabpanel\" aria-labelledby=\"heading_accordion_04a496f_3\">\n\t\t\t\t\t<div class=\"panel-body\">\n\t\t\t\t\t\t<p>El acceso se otorga autom\u00e1ticamente justo despu\u00e9s del pago. Ser\u00e1s redirigido a tu cuenta personal, donde podr\u00e1s ingresar al entorno de estudio y comenzar tu formaci\u00f3n. Si encuentras alg\u00fan problema, abre el chat en el sitio web para contactar con el soporte t\u00e9cnico y ellos te ayudar\u00e1n.<\/p>\n\t\t\t\t\t<\/div>\n\t\t\t\t<\/div>\n\t\t\t<\/div>\n\n\t\t\t\n\t\t\t<div class=\"panel panel-default\">\n\t\t\t\t<div class=\"panel-heading\" role=\"tab\"\n\t\t\t\t\tid=\"heading_accordion_04a496f_4\">\n\t\t\t\t\t<h4 class=\"panel-title\">\n\t\t\t\t\t\t<a role=\"button\" class=\"collapsed\" data-toggle=\"collapse\"\n\t\t\t\t\t\t\tdata-parent=\"#accordion_04a496f\"\n\t\t\t\t\t\t\thref=\"#collapse_accordion_04a496f_4\" aria-expanded=\"false\"\n\t\t\t\t\t\t\taria-controls=\"collapse_accordion_04a496f_4\">\n\t\t\t\t\t\t\t\u00bfQu\u00e9 debo hacer si tengo preguntas durante el curso?\t\t\t\t\t\t<\/a>\n\t\t\t\t\t<\/h4>\n\t\t\t\t<\/div>\n\t\t\t\t<div id=\"collapse_accordion_04a496f_4\"\n\t\t\t\t\tclass=\"panel-collapse collapse\"\n\t\t\t\t\trole=\"tabpanel\" aria-labelledby=\"heading_accordion_04a496f_4\">\n\t\t\t\t\t<div class=\"panel-body\">\n\t\t\t\t\t\t<p>Puedes contactar a la instructora o al soporte t\u00e9cnico, seg\u00fan la naturaleza de tu pregunta, a trav\u00e9s del chat en el sitio web, y ellos te ayudar\u00e1n a resolver cualquier dificultad.<\/p>\n\t\t\t\t\t<\/div>\n\t\t\t\t<\/div>\n\t\t\t<\/div>\n\n\t\t\t\n\t\t\t<div class=\"panel panel-default\">\n\t\t\t\t<div class=\"panel-heading\" role=\"tab\"\n\t\t\t\t\tid=\"heading_accordion_04a496f_5\">\n\t\t\t\t\t<h4 class=\"panel-title\">\n\t\t\t\t\t\t<a role=\"button\" class=\"collapsed\" data-toggle=\"collapse\"\n\t\t\t\t\t\t\tdata-parent=\"#accordion_04a496f\"\n\t\t\t\t\t\t\thref=\"#collapse_accordion_04a496f_5\" aria-expanded=\"false\"\n\t\t\t\t\t\t\taria-controls=\"collapse_accordion_04a496f_5\">\n\t\t\t\t\t\t\t\u00bfNecesito comprar equipo o materiales adicionales para el curso?\t\t\t\t\t\t<\/a>\n\t\t\t\t\t<\/h4>\n\t\t\t\t<\/div>\n\t\t\t\t<div id=\"collapse_accordion_04a496f_5\"\n\t\t\t\t\tclass=\"panel-collapse collapse\"\n\t\t\t\t\trole=\"tabpanel\" aria-labelledby=\"heading_accordion_04a496f_5\">\n\t\t\t\t\t<div class=\"panel-body\">\n\t\t\t\t\t\t<p>S\u00ed, en la p\u00e1gina de descripci\u00f3n del curso que elijas encontrar\u00e1s una lista completa del equipo y materiales necesarios para la formaci\u00f3n. Adem\u00e1s, algunos cursos incluyen una lecci\u00f3n introductoria que explica en detalle todo lo que se requiere para el curso.<\/p>\n\t\t\t\t\t<\/div>\n\t\t\t\t<\/div>\n\t\t\t<\/div>\n\n\t\t\t\n\t\t\t<div class=\"panel panel-default\">\n\t\t\t\t<div class=\"panel-heading\" role=\"tab\"\n\t\t\t\t\tid=\"heading_accordion_04a496f_6\">\n\t\t\t\t\t<h4 class=\"panel-title\">\n\t\t\t\t\t\t<a role=\"button\" class=\"collapsed\" data-toggle=\"collapse\"\n\t\t\t\t\t\t\tdata-parent=\"#accordion_04a496f\"\n\t\t\t\t\t\t\thref=\"#collapse_accordion_04a496f_6\" aria-expanded=\"false\"\n\t\t\t\t\t\t\taria-controls=\"collapse_accordion_04a496f_6\">\n\t\t\t\t\t\t\t\u00bfPuedo tomar el curso desde cualquier pa\u00eds o regi\u00f3n?\t\t\t\t\t\t<\/a>\n\t\t\t\t\t<\/h4>\n\t\t\t\t<\/div>\n\t\t\t\t<div id=\"collapse_accordion_04a496f_6\"\n\t\t\t\t\tclass=\"panel-collapse collapse\"\n\t\t\t\t\trole=\"tabpanel\" aria-labelledby=\"heading_accordion_04a496f_6\">\n\t\t\t\t\t<div class=\"panel-body\">\n\t\t\t\t\t\t<p>Por supuesto, la formaci\u00f3n es completamente a distancia, por lo que puedes estudiar desde cualquier lugar del mundo, siempre que tengas acceso a internet.<\/p>\n\t\t\t\t\t<\/div>\n\t\t\t\t<\/div>\n\t\t\t<\/div>\n\n\t\t\t\n\t\t\t<div class=\"panel panel-default\">\n\t\t\t\t<div class=\"panel-heading\" role=\"tab\"\n\t\t\t\t\tid=\"heading_accordion_04a496f_7\">\n\t\t\t\t\t<h4 class=\"panel-title\">\n\t\t\t\t\t\t<a role=\"button\" class=\"collapsed\" data-toggle=\"collapse\"\n\t\t\t\t\t\t\tdata-parent=\"#accordion_04a496f\"\n\t\t\t\t\t\t\thref=\"#collapse_accordion_04a496f_7\" aria-expanded=\"false\"\n\t\t\t\t\t\t\taria-controls=\"collapse_accordion_04a496f_7\">\n\t\t\t\t\t\t\t\u00bfCu\u00e1nto tiempo se tarda en completar el curso y qu\u00e9 tan pronto puedo empezar a trabajar?\t\t\t\t\t\t<\/a>\n\t\t\t\t\t<\/h4>\n\t\t\t\t<\/div>\n\t\t\t\t<div id=\"collapse_accordion_04a496f_7\"\n\t\t\t\t\tclass=\"panel-collapse collapse\"\n\t\t\t\t\trole=\"tabpanel\" aria-labelledby=\"heading_accordion_04a496f_7\">\n\t\t\t\t\t<div class=\"panel-body\">\n\t\t\t\t\t\t<p>La duraci\u00f3n del curso depende del programa que elijas, pero la mayor\u00eda de nuestras estudiantes comienza a practicar y generar ingresos durante el mismo curso. No te presionamos para terminar r\u00e1pido \u2014 ofrecemos una formaci\u00f3n personalizada hasta que logres resultados, de modo que ingreses al mercado de servicios de u\u00f1as con todos los conocimientos, habilidades y competencias necesarias.<\/p>\n\t\t\t\t\t<\/div>\n\t\t\t\t<\/div>\n\t\t\t<\/div>\n\n\t\t\t\n\t\t\t<div class=\"panel panel-default\">\n\t\t\t\t<div class=\"panel-heading\" role=\"tab\"\n\t\t\t\t\tid=\"heading_accordion_04a496f_8\">\n\t\t\t\t\t<h4 class=\"panel-title\">\n\t\t\t\t\t\t<a role=\"button\" class=\"collapsed\" data-toggle=\"collapse\"\n\t\t\t\t\t\t\tdata-parent=\"#accordion_04a496f\"\n\t\t\t\t\t\t\thref=\"#collapse_accordion_04a496f_8\" aria-expanded=\"false\"\n\t\t\t\t\t\t\taria-controls=\"collapse_accordion_04a496f_8\">\n\t\t\t\t\t\t\t\u00bfEs posible repetir lecciones individuales?\t\t\t\t\t\t<\/a>\n\t\t\t\t\t<\/h4>\n\t\t\t\t<\/div>\n\t\t\t\t<div id=\"collapse_accordion_04a496f_8\"\n\t\t\t\t\tclass=\"panel-collapse collapse\"\n\t\t\t\t\trole=\"tabpanel\" aria-labelledby=\"heading_accordion_04a496f_8\">\n\t\t\t\t\t<div class=\"panel-body\">\n\t\t\t\t\t\t<p>Todas las lecciones permanecen disponibles en tu cuenta personal y puedes volver a verlas durante el per\u00edodo de acceso establecido para el curso. No vendemos las videoclases y no pasan a ser de tu propiedad. El acceso al contenido educativo est\u00e1 disponible solo durante el tiempo asignado para la formaci\u00f3n y adaptaci\u00f3n.<\/p>\n\t\t\t\t\t<\/div>\n\t\t\t\t<\/div>\n\t\t\t<\/div>\n\n\t\t\t<\/div><\/div>\t\t\t\t<\/div>\n\t\t\t\t<\/div>\n\t\t\t\t\t<\/div>\n\t\t<\/div>\n\t\t\t\t<div class=\"elementor-column elementor-col-50 elementor-top-column elementor-element elementor-element-f9fc1c8\" data-id=\"f9fc1c8\" data-element_type=\"column\" data-e-type=\"column\">\n\t\t\t<div class=\"elementor-widget-wrap elementor-element-populated\">\n\t\t\t\t\t\t<div class=\"elementor-element elementor-element-db3aa8d elementor-widget elementor-widget-thim-accordion\" data-id=\"db3aa8d\" data-element_type=\"widget\" data-e-type=\"widget\" data-widget_type=\"thim-accordion.default\">\n\t\t\t\t<div class=\"elementor-widget-container\">\n\t\t\t\t\t<div class=\"thim-widget-accordion\"><h3 class=\"widget-title\">Pagos y planes de pago en cuotas<\/h3><div id=\"accordion_db3aa8d\" class=\"panel-group\" role=\"tablist\" aria-multiselectable=\"true\">\n\t\t\t<div class=\"panel panel-default\">\n\t\t\t\t<div class=\"panel-heading\" role=\"tab\"\n\t\t\t\t\tid=\"heading_accordion_db3aa8d_0\">\n\t\t\t\t\t<h4 class=\"panel-title\">\n\t\t\t\t\t\t<a role=\"button\" class=\"collapsed\" data-toggle=\"collapse\"\n\t\t\t\t\t\t\tdata-parent=\"#accordion_db3aa8d\"\n\t\t\t\t\t\t\thref=\"#collapse_accordion_db3aa8d_0\" aria-expanded=\"false\"\n\t\t\t\t\t\t\taria-controls=\"collapse_accordion_db3aa8d_0\">\n\t\t\t\t\t\t\t\u00bfQu\u00e9 m\u00e9todos de pago est\u00e1n disponibles para el curso?\t\t\t\t\t\t<\/a>\n\t\t\t\t\t<\/h4>\n\t\t\t\t<\/div>\n\t\t\t\t<div id=\"collapse_accordion_db3aa8d_0\"\n\t\t\t\t\tclass=\"panel-collapse collapse\"\n\t\t\t\t\trole=\"tabpanel\" aria-labelledby=\"heading_accordion_db3aa8d_0\">\n\t\t\t\t\t<div class=\"panel-body\">\n\t\t\t\t\t\t<p>Debido a las sanciones econ\u00f3micas actuales, por el momento solo est\u00e1 disponible el pago con tarjetas bancarias. Estamos trabajando en ampliar las opciones de pago, pero esto tomar\u00e1 algo de tiempo.<\/p>\n\t\t\t\t\t<\/div>\n\t\t\t\t<\/div>\n\t\t\t<\/div>\n\n\t\t\t\n\t\t\t<div class=\"panel panel-default\">\n\t\t\t\t<div class=\"panel-heading\" role=\"tab\"\n\t\t\t\t\tid=\"heading_accordion_db3aa8d_1\">\n\t\t\t\t\t<h4 class=\"panel-title\">\n\t\t\t\t\t\t<a role=\"button\" class=\"collapsed\" data-toggle=\"collapse\"\n\t\t\t\t\t\t\tdata-parent=\"#accordion_db3aa8d\"\n\t\t\t\t\t\t\thref=\"#collapse_accordion_db3aa8d_1\" aria-expanded=\"false\"\n\t\t\t\t\t\t\taria-controls=\"collapse_accordion_db3aa8d_1\">\n\t\t\t\t\t\t\t\u00bfQu\u00e9 pasa si mi tarjeta no est\u00e1 en d\u00f3lares estadounidenses?\t\t\t\t\t\t<\/a>\n\t\t\t\t\t<\/h4>\n\t\t\t\t<\/div>\n\t\t\t\t<div id=\"collapse_accordion_db3aa8d_1\"\n\t\t\t\t\tclass=\"panel-collapse collapse\"\n\t\t\t\t\trole=\"tabpanel\" aria-labelledby=\"heading_accordion_db3aa8d_1\">\n\t\t\t\t\t<div class=\"panel-body\">\n\t\t\t\t\t\t<p>No importa, ya que al realizar el pago, tu moneda se convertir\u00e1 autom\u00e1ticamente al tipo de cambio del d\u00f3lar.<\/p>\n\t\t\t\t\t<\/div>\n\t\t\t\t<\/div>\n\t\t\t<\/div>\n\n\t\t\t\n\t\t\t<div class=\"panel panel-default\">\n\t\t\t\t<div class=\"panel-heading\" role=\"tab\"\n\t\t\t\t\tid=\"heading_accordion_db3aa8d_2\">\n\t\t\t\t\t<h4 class=\"panel-title\">\n\t\t\t\t\t\t<a role=\"button\" class=\"collapsed\" data-toggle=\"collapse\"\n\t\t\t\t\t\t\tdata-parent=\"#accordion_db3aa8d\"\n\t\t\t\t\t\t\thref=\"#collapse_accordion_db3aa8d_2\" aria-expanded=\"false\"\n\t\t\t\t\t\t\taria-controls=\"collapse_accordion_db3aa8d_2\">\n\t\t\t\t\t\t\t\u00bfPuedo obtener un reembolso si decido no continuar con el curso?\t\t\t\t\t\t<\/a>\n\t\t\t\t\t<\/h4>\n\t\t\t\t<\/div>\n\t\t\t\t<div id=\"collapse_accordion_db3aa8d_2\"\n\t\t\t\t\tclass=\"panel-collapse collapse\"\n\t\t\t\t\trole=\"tabpanel\" aria-labelledby=\"heading_accordion_db3aa8d_2\">\n\t\t\t\t\t<div class=\"panel-body\">\n\t\t\t\t\t\t<p>Como operamos bajo la jurisdicci\u00f3n rusa, seg\u00fan el Art\u00edculo 26.1 de la Ley de Protecci\u00f3n al Consumidor de Rusia y el punto 14 del Decreto Gubernamental N.\u00ba 2463 del 31.12.2020, los productos digitales de calidad adecuada (contenido en video, informaci\u00f3n escrita o gr\u00e1fica), adquiridos a distancia, no est\u00e1n sujetos a devoluci\u00f3n ni cambio. El usuario no tiene derecho a exigir un reembolso o cambio si el producto corresponde a la descripci\u00f3n publicada en el sitio web y se ha otorgado acceso completo al mismo.<\/p>\n\t\t\t\t\t<\/div>\n\t\t\t\t<\/div>\n\t\t\t<\/div>\n\n\t\t\t<\/div><\/div>\t\t\t\t<\/div>\n\t\t\t\t<\/div>\n\t\t\t\t\t<\/div>\n\t\t<\/div>\n\t\t\t\t\t<\/div>\n\t\t<\/section>\n\t\t\t\t<section class=\"elementor-section elementor-top-section elementor-element elementor-element-e256de1 elementor-section-stretched elementor-section-content-middle elementor-hidden-desktop elementor-hidden-tablet elementor-hidden-mobile elementor-section-boxed elementor-section-height-default elementor-section-height-default\" data-id=\"e256de1\" data-element_type=\"section\" data-e-type=\"section\" data-settings=\"{&quot;stretch_section&quot;:&quot;section-stretched&quot;,&quot;background_background&quot;:&quot;classic&quot;}\">\n\t\t\t\t\t\t\t<div class=\"elementor-background-overlay\"><\/div>\n\t\t\t\t\t\t\t<div class=\"elementor-container elementor-column-gap-extended\">\n\t\t\t\t\t<div class=\"elementor-column elementor-col-50 elementor-top-column elementor-element elementor-element-5b388b2\" data-id=\"5b388b2\" data-element_type=\"column\" data-e-type=\"column\">\n\t\t\t<div class=\"elementor-widget-wrap elementor-element-populated\">\n\t\t\t\t\t\t<div class=\"elementor-element elementor-element-b689269 elementor-widget thim-ekits-heading elementor-widget-thim-heading\" data-id=\"b689269\" data-element_type=\"widget\" data-e-type=\"widget\" data-widget_type=\"thim-heading.default\">\n\t\t\t\t<div class=\"elementor-widget-container\">\n\t\t\t\t\t<div class=\"sc_heading\"><h2 class=\"title\">If You Have Any Questions  You Can Call Me 24\/7 <\/h2><\/div>\t\t\t\t<\/div>\n\t\t\t\t<\/div>\n\t\t\t\t\t<\/div>\n\t\t<\/div>\n\t\t\t\t<div class=\"elementor-column elementor-col-50 elementor-top-column elementor-element elementor-element-9a023de\" data-id=\"9a023de\" data-element_type=\"column\" data-e-type=\"column\">\n\t\t\t<div class=\"elementor-widget-wrap elementor-element-populated\">\n\t\t\t\t\t\t<div class=\"elementor-element elementor-element-74ee2a8 elementor-widget thim-widget-button\" data-id=\"74ee2a8\" data-element_type=\"widget\" data-e-type=\"widget\" data-widget_type=\"thim-button.default\">\n\t\t\t\t<div class=\"elementor-widget-container\">\n\t\t\t\t\t<a class=\"widget-button normal\" href=\"#\">Call us now<\/a>\t\t\t\t<\/div>\n\t\t\t\t<\/div>\n\t\t\t\t\t<\/div>\n\t\t<\/div>\n\t\t\t\t\t<\/div>\n\t\t<\/section>\n\t\t\t\t<section class=\"elementor-section elementor-top-section elementor-element elementor-element-d8653e5 elementor-section-stretched elementor-hidden-desktop elementor-hidden-tablet elementor-hidden-mobile elementor-section-boxed elementor-section-height-default elementor-section-height-default\" data-id=\"d8653e5\" data-element_type=\"section\" data-e-type=\"section\" data-settings=\"{&quot;stretch_section&quot;:&quot;section-stretched&quot;}\">\n\t\t\t\t\t\t<div class=\"elementor-container elementor-column-gap-default\">\n\t\t\t\t\t<div class=\"elementor-column elementor-col-50 elementor-top-column elementor-element elementor-element-9a238d9 faq_step\" data-id=\"9a238d9\" data-element_type=\"column\" data-e-type=\"column\" data-settings=\"{&quot;background_background&quot;:&quot;classic&quot;}\">\n\t\t\t<div class=\"elementor-widget-wrap elementor-element-populated\">\n\t\t\t\t\t\t<div class=\"elementor-element elementor-element-0f5d996 elementor-widget thim-ekits-heading elementor-widget-thim-heading\" data-id=\"0f5d996\" data-element_type=\"widget\" data-e-type=\"widget\" data-widget_type=\"thim-heading.default\">\n\t\t\t\t<div class=\"elementor-widget-container\">\n\t\t\t\t\t<div class=\"sc_heading\"><h3 class=\"title\">Take the First Step <\/h3><div class=\"sub-heading\"><p>Lorem ipsum dolor sit amet, consectetur adipiscing elit, sed do eiusmod tempor incididunt ut labore et dolore magna aliqua.<\/p>\n<\/div><\/div>\t\t\t\t<\/div>\n\t\t\t\t<\/div>\n\t\t\t\t<div class=\"elementor-element elementor-element-0718d35 iconbox-text-left elementor-widget elementor-widget-thim-icon-box\" data-id=\"0718d35\" data-element_type=\"widget\" data-e-type=\"widget\" data-widget_type=\"thim-icon-box.default\">\n\t\t\t\t<div class=\"elementor-widget-container\">\n\t\t\t\t\t<div class=\"thim-widget-icon-box\"><div class=\"wrapper-box-icon layout_text_number text-left \"><div class=\"smicon-box iconbox-left\"><div class=\"boxes-icon\"><span class=\"inner-icon\"><span class=\"text-number-icon\">01<\/span><\/span><\/div><div class=\"content-inner\"><div class=\"sc-heading\"><h4 class=\"heading__primary\">Forward Thinking<\/h4><\/div><div class=\"desc-icon-box\"><div class=\"desc-content\">Lorem ipsum dolor sit amet, consectetur adipiscing elit, sed do eiusmod<\/div><\/div><\/div><\/div><\/div><\/div>\t\t\t\t<\/div>\n\t\t\t\t<\/div>\n\t\t\t\t<div class=\"elementor-element elementor-element-3aa1c40 iconbox-text-left elementor-widget elementor-widget-thim-icon-box\" data-id=\"3aa1c40\" data-element_type=\"widget\" data-e-type=\"widget\" data-widget_type=\"thim-icon-box.default\">\n\t\t\t\t<div class=\"elementor-widget-container\">\n\t\t\t\t\t<div class=\"thim-widget-icon-box\"><div class=\"wrapper-box-icon layout_text_number text-left \"><div class=\"smicon-box iconbox-left\"><div class=\"boxes-icon\"><span class=\"inner-icon\"><span class=\"text-number-icon\">02<\/span><\/span><\/div><div class=\"content-inner\"><div class=\"sc-heading\"><h4 class=\"heading__primary\">Actionable Content<\/h4><\/div><div class=\"desc-icon-box\"><div class=\"desc-content\">Lorem ipsum dolor sit amet, consectetur adipiscing elit, sed do eiusmod<\/div><\/div><\/div><\/div><\/div><\/div>\t\t\t\t<\/div>\n\t\t\t\t<\/div>\n\t\t\t\t<div class=\"elementor-element elementor-element-44e0d50 iconbox-text-left elementor-widget elementor-widget-thim-icon-box\" data-id=\"44e0d50\" data-element_type=\"widget\" data-e-type=\"widget\" data-widget_type=\"thim-icon-box.default\">\n\t\t\t\t<div class=\"elementor-widget-container\">\n\t\t\t\t\t<div class=\"thim-widget-icon-box\"><div class=\"wrapper-box-icon layout_text_number text-left \"><div class=\"smicon-box iconbox-left\"><div class=\"boxes-icon\"><span class=\"inner-icon\"><span class=\"text-number-icon\">03<\/span><\/span><\/div><div class=\"content-inner\"><div class=\"sc-heading\"><h4 class=\"heading__primary\">Forward Thinking<\/h4><\/div><div class=\"desc-icon-box\"><div class=\"desc-content\">Lorem ipsum dolor sit amet, consectetur adipiscing elit, sed do eiusmod<\/div><\/div><\/div><\/div><\/div><\/div>\t\t\t\t<\/div>\n\t\t\t\t<\/div>\n\t\t\t\t\t<\/div>\n\t\t<\/div>\n\t\t\t\t<div class=\"elementor-column elementor-col-50 elementor-top-column elementor-element elementor-element-fee6ed3\" data-id=\"fee6ed3\" data-element_type=\"column\" data-e-type=\"column\" data-settings=\"{&quot;background_background&quot;:&quot;classic&quot;}\">\n\t\t\t<div class=\"elementor-widget-wrap elementor-element-populated\">\n\t\t\t\t\t\t<div class=\"elementor-element elementor-element-c0946bf elementor-widget thim-ekits-heading elementor-widget-thim-heading\" data-id=\"c0946bf\" data-element_type=\"widget\" data-e-type=\"widget\" data-widget_type=\"thim-heading.default\">\n\t\t\t\t<div class=\"elementor-widget-container\">\n\t\t\t\t\t<div class=\"sc_heading\"><h3 class=\"title\">Didn't find the answer? <\/h3><\/div>\t\t\t\t<\/div>\n\t\t\t\t<\/div>\n\t\t\t\t\t<\/div>\n\t\t<\/div>\n\t\t\t\t\t<\/div>\n\t\t<\/section>\n\t\t\t\t<\/div>\n\t\t","protected":false},"excerpt":{"rendered":"<p>Preguntas sobre la formaci\u00f3n \u00bfC\u00f3mo se lleva a cabo la formaci\u00f3n a distancia y c\u00f3mo se organizan las clases? Las clases se realizan de forma remota a trav\u00e9s de nuestra plataforma educativa, lo que te permite estudiar en el horario &hellip; <\/p>\n","protected":false},"author":1,"featured_media":0,"parent":0,"menu_order":0,"comment_status":"closed","ping_status":"closed","template":"","meta":{"_seopress_robots_primary_cat":"","_seopress_titles_title":"","_seopress_titles_desc":"Resuelve tus dudas en nuestra secci\u00f3n de Preguntas frecuentes: informaci\u00f3n clara sobre cursos, pagos, certificados y servicios de manicura.","_seopress_robots_index":"","footnotes":""},"class_list":["post-31786","page","type-page","status-publish","hentry"],"_links":{"self":[{"href":"https:\/\/rusmanicure.online\/es\/wp-json\/wp\/v2\/pages\/31786","targetHints":{"allow":["GET"]}}],"collection":[{"href":"https:\/\/rusmanicure.online\/es\/wp-json\/wp\/v2\/pages"}],"about":[{"href":"https:\/\/rusmanicure.online\/es\/wp-json\/wp\/v2\/types\/page"}],"author":[{"embeddable":true,"href":"https:\/\/rusmanicure.online\/es\/wp-json\/wp\/v2\/users\/1"}],"replies":[{"embeddable":true,"href":"https:\/\/rusmanicure.online\/es\/wp-json\/wp\/v2\/comments?post=31786"}],"version-history":[{"count":0,"href":"https:\/\/rusmanicure.online\/es\/wp-json\/wp\/v2\/pages\/31786\/revisions"}],"wp:attachment":[{"href":"https:\/\/rusmanicure.online\/es\/wp-json\/wp\/v2\/media?parent=31786"}],"curies":[{"name":"wp","href":"https:\/\/api.w.org\/{rel}","templated":true}]}}